{"id":869,"date":"2025-01-09T09:02:07","date_gmt":"2025-01-09T12:02:07","guid":{"rendered":"https:\/\/neseg.com.br\/?page_id=869"},"modified":"2026-02-26T16:06:23","modified_gmt":"2026-02-26T19:06:23","slug":"canal-de-denuncias","status":"publish","type":"page","link":"https:\/\/neseg.com.br\/index.php\/canal-de-denuncias\/","title":{"rendered":"Canal de Denuncias"},"content":{"rendered":"\t\t<div data-elementor-type=\"wp-page\" data-elementor-id=\"869\" class=\"elementor elementor-869\" data-elementor-settings=\"[]\">\n\t\t\t<div class=\"elementor-inner\">\n\t\t\t\t<div class=\"elementor-section-wrap\">\n\t\t\t\t\t\t\t<section class=\"elementor-element elementor-element-374e3a1 elementor-section-boxed elementor-section-height-default elementor-section-height-default elementor-section elementor-top-section\" data-id=\"374e3a1\" data-element_type=\"section\">\n\t\t\t\t\t\t<div class=\"elementor-container elementor-column-gap-default\">\n\t\t\t\t<div class=\"elementor-row\">\n\t\t\t\t<div class=\"elementor-element elementor-element-0254e13 elementor-column elementor-col-100 elementor-top-column\" data-id=\"0254e13\" data-element_type=\"column\">\n\t\t\t<div class=\"elementor-column-wrap  elementor-element-populated\">\n\t\t\t\t\t<div class=\"elementor-widget-wrap\">\n\t\t\t\t\t\t<\/div>\n\t\t\t<\/div>\n\t\t<\/div>\n\t\t\t\t\t\t<\/div>\n\t\t\t<\/div>\n\t\t<\/section>\n\t\t\t\t<section class=\"elementor-element elementor-element-6fe8ca8 elementor-section-boxed elementor-section-height-default elementor-section-height-default elementor-section elementor-top-section\" data-id=\"6fe8ca8\" data-element_type=\"section\">\n\t\t\t\t\t\t<div class=\"elementor-container elementor-column-gap-default\">\n\t\t\t\t<div class=\"elementor-row\">\n\t\t\t\t<div class=\"elementor-element elementor-element-2a13292 elementor-column elementor-col-100 elementor-top-column\" data-id=\"2a13292\" data-element_type=\"column\">\n\t\t\t<div class=\"elementor-column-wrap  elementor-element-populated\">\n\t\t\t\t\t<div class=\"elementor-widget-wrap\">\n\t\t\t\t<div class=\"elementor-element elementor-element-ed46b6f elementor-widget elementor-widget-text-editor\" data-id=\"ed46b6f\" data-element_type=\"widget\" data-widget_type=\"text-editor.default\">\n\t\t\t\t<div class=\"elementor-widget-container\">\n\t\t\t\t\t<div class=\"elementor-text-editor elementor-clearfix\"><div class=\"flex-shrink-0 flex flex-col relative items-end\"><div><div class=\"pt-0\"><div class=\"gizmo-bot-avatar flex h-8 w-8 items-center justify-center overflow-hidden rounded-full\"><div class=\"relative p-1 rounded-sm flex items-center justify-center bg-token-main-surface-primary text-token-text-primary h-8 w-8\">\u00a0<\/div><\/div><\/div><\/div><\/div><div class=\"group\/conversation-turn relative flex w-full min-w-0 flex-col agent-turn\"><div class=\"flex-col gap-1 md:gap-3\"><div class=\"flex max-w-full flex-col flex-grow\"><div class=\"min-h-8 text-message flex w-full flex-col items-end gap-2 whitespace-normal break-words text-start [.text-message+&amp;]:mt-5\" dir=\"auto\" data-message-author-role=\"assistant\" data-message-id=\"b0267b8e-8ada-4b45-a977-eb0b24e59804\" data-message-model-slug=\"gpt-4o-mini\"><div class=\"flex w-full flex-col gap-1 empty:hidden first:pt-[3px]\"><div class=\"markdown prose w-full break-words dark:prose-invert light\"><p>A <strong>NE SEGURAN\u00c7A<\/strong> reafirma seu compromisso com um ambiente de trabalho respeitoso, seguro e saud\u00e1vel para todos os seus colaboradores. N\u00e3o compactuamos com nenhum tipo de ass\u00e9dio ou discrimina\u00e7\u00e3o, seja de g\u00eanero, ra\u00e7a, orienta\u00e7\u00e3o sexual, defici\u00eancia ou qualquer outra forma que viole os direitos e a dignidade do ser humano.<\/p><p>Temos um compromisso claro com a promo\u00e7\u00e3o de um ambiente inclusivo e livre de qualquer comportamento que possa causar constrangimento, humilha\u00e7\u00e3o ou preju\u00edzo ao bem-estar dos colaboradores. Qualquer conduta inadequada ser\u00e1 tratada com seriedade, e as devidas provid\u00eancias ser\u00e3o tomadas, conforme nossa pol\u00edtica interna e conforme as leis vigentes.<\/p><p>Al\u00e9m disso, informamos que estamos abertos a ouvir e acolher todas as den\u00fancias que possam surgir, garantindo o anonimato e a confidencialidade, a fim de proteger a integridade de todos os envolvidos. Para realizar uma den\u00fancia, entre em contato com o setor de recursos humanos ou utilize os canais de comunica\u00e7\u00e3o dispon\u00edveis para tal fim.<\/p><p>A <strong>NE SEGURAN\u00c7A<\/strong> reafirma seu compromisso em promover um ambiente de trabalho saud\u00e1vel, livre de preconceitos e que respeite os direitos de todos.<\/p><\/div><\/div><\/div><\/div><\/div><\/div><\/div>\n\t\t\t\t<\/div>\n\t\t\t\t<\/div>\n\t\t\t\t\t\t<\/div>\n\t\t\t<\/div>\n\t\t<\/div>\n\t\t\t\t\t\t<\/div>\n\t\t\t<\/div>\n\t\t<\/section>\n\t\t\t\t<section class=\"elementor-element elementor-element-7956464 elementor-section-boxed elementor-section-height-default elementor-section-height-default elementor-section elementor-top-section\" data-id=\"7956464\" data-element_type=\"section\">\n\t\t\t\t\t\t<div class=\"elementor-container elementor-column-gap-default\">\n\t\t\t\t<div class=\"elementor-row\">\n\t\t\t\t<div class=\"elementor-element elementor-element-8e3f527 elementor-column elementor-col-25 elementor-top-column\" data-id=\"8e3f527\" data-element_type=\"column\">\n\t\t\t<div class=\"elementor-column-wrap\">\n\t\t\t\t\t<div class=\"elementor-widget-wrap\">\n\t\t\t\t\t\t<\/div>\n\t\t\t<\/div>\n\t\t<\/div>\n\t\t\t\t<div class=\"elementor-element elementor-element-d3c5c84 elementor-column elementor-col-25 elementor-top-column\" data-id=\"d3c5c84\" data-element_type=\"column\">\n\t\t\t<div class=\"elementor-column-wrap  elementor-element-populated\">\n\t\t\t\t\t<div class=\"elementor-widget-wrap\">\n\t\t\t\t<div class=\"elementor-element elementor-element-7cf63e4 elementor-widget elementor-widget-text-editor\" data-id=\"7cf63e4\" data-element_type=\"widget\" data-widget_type=\"text-editor.default\">\n\t\t\t\t<div class=\"elementor-widget-container\">\n\t\t\t\t\t<div class=\"elementor-text-editor elementor-clearfix\"><p>Al\u00e9m disso, tenha acesso \u00e0 nossa <strong>Cartilha do Colaborador.<\/strong><\/p><\/div>\n\t\t\t\t<\/div>\n\t\t\t\t<\/div>\n\t\t\t\t<div class=\"elementor-element elementor-element-4a9ae01 elementor-align-justify elementor-widget elementor-widget-button\" data-id=\"4a9ae01\" data-element_type=\"widget\" data-widget_type=\"button.default\">\n\t\t\t\t<div class=\"elementor-widget-container\">\n\t\t\t\t\t<div class=\"elementor-button-wrapper\">\n\t\t\t<a href=\"https:\/\/drive.google.com\/file\/d\/1wYt9tglAnrgdk8XQVN7Hh00WMQ3XzQ1i\/view?usp=sharing\" class=\"elementor-button-link elementor-button elementor-size-sm\" role=\"button\">\n\t\t\t\t\t\t<span class=\"elementor-button-content-wrapper\">\n\t\t\t\t\t\t<span class=\"elementor-button-text\">DOWNLOAD<\/span>\n\t\t<\/span>\n\t\t\t\t\t<\/a>\n\t\t<\/div>\n\t\t\t\t<\/div>\n\t\t\t\t<\/div>\n\t\t\t\t\t\t<\/div>\n\t\t\t<\/div>\n\t\t<\/div>\n\t\t\t\t<div class=\"elementor-element elementor-element-6726247 elementor-column elementor-col-25 elementor-top-column\" data-id=\"6726247\" data-element_type=\"column\">\n\t\t\t<div class=\"elementor-column-wrap  elementor-element-populated\">\n\t\t\t\t\t<div class=\"elementor-widget-wrap\">\n\t\t\t\t<div class=\"elementor-element elementor-element-700a311 elementor-widget elementor-widget-text-editor\" data-id=\"700a311\" data-element_type=\"widget\" data-widget_type=\"text-editor.default\">\n\t\t\t\t<div class=\"elementor-widget-container\">\n\t\t\t\t\t<div class=\"elementor-text-editor elementor-clearfix\"><p>Canal de Denuncia Via Whatsapp:<br \/><strong>(81) 99211-6004<\/strong><\/p><\/div>\n\t\t\t\t<\/div>\n\t\t\t\t<\/div>\n\t\t\t\t<div class=\"elementor-element elementor-element-0ef9bc1 elementor-align-justify elementor-widget elementor-widget-button\" data-id=\"0ef9bc1\" data-element_type=\"widget\" data-widget_type=\"button.default\">\n\t\t\t\t<div class=\"elementor-widget-container\">\n\t\t\t\t\t<div class=\"elementor-button-wrapper\">\n\t\t\t<a href=\"https:\/\/api.whatsapp.com\/send?phone=5581992116004&#038;text=Ol%C3%A1%20eu%20vim%20pelo%20canal%20de%20denuncias%20do%20site.\" class=\"elementor-button-link elementor-button elementor-size-sm\" role=\"button\">\n\t\t\t\t\t\t<span class=\"elementor-button-content-wrapper\">\n\t\t\t\t\t\t<span class=\"elementor-button-text\">ABRIR WHATSAPP<\/span>\n\t\t<\/span>\n\t\t\t\t\t<\/a>\n\t\t<\/div>\n\t\t\t\t<\/div>\n\t\t\t\t<\/div>\n\t\t\t\t\t\t<\/div>\n\t\t\t<\/div>\n\t\t<\/div>\n\t\t\t\t<div class=\"elementor-element elementor-element-f121908 elementor-column elementor-col-25 elementor-top-column\" data-id=\"f121908\" data-element_type=\"column\">\n\t\t\t<div class=\"elementor-column-wrap\">\n\t\t\t\t\t<div class=\"elementor-widget-wrap\">\n\t\t\t\t\t\t<\/div>\n\t\t\t<\/div>\n\t\t<\/div>\n\t\t\t\t\t\t<\/div>\n\t\t\t<\/div>\n\t\t<\/section>\n\t\t\t\t\t\t<\/div>\n\t\t\t<\/div>\n\t\t<\/div>\n\t\t","protected":false},"excerpt":{"rendered":"<p>\u00a0 A NE SEGURAN\u00c7A reafirma seu compromisso com um ambiente de trabalho respeitoso, seguro e saud\u00e1vel para todos os seus colaboradores. N\u00e3o compactuamos com nenhum tipo de ass\u00e9dio ou discrimina\u00e7\u00e3o, seja de g\u00eanero, ra\u00e7a, orienta\u00e7\u00e3o sexual, defici\u00eancia ou qualquer outra forma que viole os direitos e a dignidade do ser humano. Temos um compromisso claro&#8230;<\/p>\n","protected":false},"author":3,"featured_media":0,"parent":0,"menu_order":0,"comment_status":"closed","ping_status":"closed","template":"elementor_header_footer","meta":{"footnotes":""},"class_list":["post-869","page","type-page","status-publish","hentry"],"_links":{"self":[{"href":"https:\/\/neseg.com.br\/index.php\/wp-json\/wp\/v2\/pages\/869"}],"collection":[{"href":"https:\/\/neseg.com.br\/index.php\/wp-json\/wp\/v2\/pages"}],"about":[{"href":"https:\/\/neseg.com.br\/index.php\/wp-json\/wp\/v2\/types\/page"}],"author":[{"embeddable":true,"href":"https:\/\/neseg.com.br\/index.php\/wp-json\/wp\/v2\/users\/3"}],"replies":[{"embeddable":true,"href":"https:\/\/neseg.com.br\/index.php\/wp-json\/wp\/v2\/comments?post=869"}],"version-history":[{"count":10,"href":"https:\/\/neseg.com.br\/index.php\/wp-json\/wp\/v2\/pages\/869\/revisions"}],"predecessor-version":[{"id":887,"href":"https:\/\/neseg.com.br\/index.php\/wp-json\/wp\/v2\/pages\/869\/revisions\/887"}],"wp:attachment":[{"href":"https:\/\/neseg.com.br\/index.php\/wp-json\/wp\/v2\/media?parent=869"}],"curies":[{"name":"wp","href":"https:\/\/api.w.org\/{rel}","templated":true}]}}